{"id":16,"date":"2020-06-18T19:02:21","date_gmt":"2020-06-18T17:02:21","guid":{"rendered":"http:\/\/laportedesepices.com\/?page_id=16"},"modified":"2020-08-28T16:11:27","modified_gmt":"2020-08-28T14:11:27","slug":"produits","status":"publish","type":"page","link":"https:\/\/laportedesepices.com\/?page_id=16","title":{"rendered":"Produits"},"content":{"rendered":"\n<h2>\u00c9pices et aromates<\/h2>\n\n\n\n<div class=\"wp-block-columns\">\n<div class=\"wp-block-column\">\n<p>Anis vert<br>Badiane \/ anis \u00e9toil\u00e9<br>  (entier \/ poudre)<br>Baies de Geni\u00e8vre<br>Baies de Szetchuan<br>Baies de Timut<br>Baies Roses<br>Cajun Mix<br>Cannelle<br>  (b\u00e2tons \/ poudre)<br>Cardamome<br>Carvi<br>Citrus Pepper<br>Clous de Girofle<br>Colombo<br>Coriandre graines<br>Cumin<br>Cumin poudre<br>Curcuma<\/p>\n<\/div>\n\n\n\n<div class=\"wp-block-column\">\n<p>Curry Bengali<br>Curry Curepipe<br>Curry Madras<br>Fenouil (graines)<br>Fenugrec (graines)<br>Feve Tonka (enti\u00e8re)<br>Galanga (poudre)<br>Gingembre (poudre)<br>Herbes de Provence<br>M\u00e9lange Chermoula<br>M\u00e9lange 5 Baies<br>M\u00e9lange grillades<br>M\u00e9lange pain d&#8217;\u00e9pices \u00ab\u00a0maison\u00a0\u00bb (en saison)<br>Moutarde Blanche<br>  (graines)<br>Noix de Muscade<br>Origan<br>Paprika doux Hongrie<br>Paprika fum\u00e9<\/p>\n<\/div>\n\n\n\n<div class=\"wp-block-column\">\n<p>Pavot bleu (graines)<br>Piment de Cayenne<br>  (fruit \/poudre)<br>Piment Espelette (BIO)<br>Poivre blanc<br>Poivre Cub\u00e8be<br>Poivre long d&#8217;Inde<br>Poivre noir Bel\u00e8m<br>Poivre noir Sarawak<br>Poivre noir Kampot<br>Poivre rouge Kampot<br>Poivre vert Malabar<br>Ras el Hanout Fassi<br>R\u00e9glisse (b\u00e2tons)<br>Safran (stigmates)<br>Sumac (poudre)<br>Tandoori Benghigi<br>Thym de Provence<br>Vanille<br>M\u00e9lange Zahtar<\/p>\n<\/div>\n<\/div>\n\n\n\n<h3>Bo\u00eetes Cadeaux Saravane<\/h3>\n\n\n\n<p>Alma Mater (62g)<br>Citrus Pepper (80g)<br>M\u00e9lange B\u00e9r\u00e9b\u00e9r\u00e9 (70g)<br>M\u00e9lange Kefta (73g)<br>M\u00e9lange Sat\u00e9 (55g)<br>Raz el Hanout (70g)<br>Tandoori Benghigi (70g)<\/p>\n","protected":false},"excerpt":{"rendered":"<p>\u00c9pices et aromates Anis vertBadiane \/ anis \u00e9toil\u00e9 (entier \/ poudre)Baies de Geni\u00e8vreBaies de SzetchuanBaies de TimutBaies RosesCajun MixCannelle (b\u00e2tons \/ poudre)CardamomeCarviCitrus PepperClous de GirofleColomboCoriandre grainesCuminCumin poudreCurcuma Curry BengaliCurry CurepipeCurry&#8230;<\/p>\n","protected":false},"author":1,"featured_media":0,"parent":0,"menu_order":0,"comment_status":"closed","ping_status":"closed","template":"","meta":[],"_links":{"self":[{"href":"https:\/\/laportedesepices.com\/index.php?rest_route=\/wp\/v2\/pages\/16"}],"collection":[{"href":"https:\/\/laportedesepices.com\/index.php?rest_route=\/wp\/v2\/pages"}],"about":[{"href":"https:\/\/laportedesepices.com\/index.php?rest_route=\/wp\/v2\/types\/page"}],"author":[{"embeddable":true,"href":"https:\/\/laportedesepices.com\/index.php?rest_route=\/wp\/v2\/users\/1"}],"replies":[{"embeddable":true,"href":"https:\/\/laportedesepices.com\/index.php?rest_route=%2Fwp%2Fv2%2Fcomments&post=16"}],"version-history":[{"count":6,"href":"https:\/\/laportedesepices.com\/index.php?rest_route=\/wp\/v2\/pages\/16\/revisions"}],"predecessor-version":[{"id":43,"href":"https:\/\/laportedesepices.com\/index.php?rest_route=\/wp\/v2\/pages\/16\/revisions\/43"}],"wp:attachment":[{"href":"https:\/\/laportedesepices.com\/index.php?rest_route=%2Fwp%2Fv2%2Fmedia&parent=16"}],"curies":[{"name":"wp","href":"https:\/\/api.w.org\/{rel}","templated":true}]}}